{"id":27,"date":"2025-02-03T14:06:10","date_gmt":"2025-02-03T13:06:10","guid":{"rendered":"https:\/\/abusinaro76.ddns.net\/index.php\/register\/"},"modified":"2025-02-03T14:06:10","modified_gmt":"2025-02-03T13:06:10","slug":"register","status":"publish","type":"page","link":"https:\/\/abusinaro76.ddns.net\/index.php\/register\/","title":{"rendered":"Register"},"content":{"rendered":"\n<div class=\"um um-register um-22\">\n\t<div class=\"um-form\" data-mode=\"register\">\n\t\t<form method=\"post\" action=\"\">\n\t\t\t<div class=\"um-row _um_row_1 \" style=\"margin: 0 0 30px 0;\"><div class=\"um-col-1\"><div  id=\"um_field_22_user_login\" class=\"um-field um-field-text  um-field-user_login um-field-text um-field-type_text\" data-key=\"user_login\"><div class=\"um-field-label\"><label for=\"user_login-22\">Utente<span class=\"um-req\" title=\"Required\">*<\/span><\/label><div class=\"um-clear\"><\/div><\/div><div class=\"um-field-area\"><input  autocomplete=\"off\" class=\"um-form-field valid \" type=\"text\" name=\"user_login-22\" id=\"user_login-22\" value=\"\" placeholder=\"\" data-validate=\"unique_username\" data-key=\"user_login\"  aria-invalid=\"false\" \/>\n\n\t\t\t\t\t\t<\/div><\/div><div  id=\"um_field_22_first_name\" class=\"um-field um-field-text  um-field-first_name um-field-text um-field-type_text\" data-key=\"first_name\"><div class=\"um-field-label\"><label for=\"first_name-22\">Nome<span class=\"um-req\" title=\"Required\">*<\/span><\/label><div class=\"um-clear\"><\/div><\/div><div class=\"um-field-area\"><input  autocomplete=\"off\" class=\"um-form-field valid \" type=\"text\" name=\"first_name-22\" id=\"first_name-22\" value=\"\" placeholder=\"\" data-validate=\"\" data-key=\"first_name\"  aria-invalid=\"false\" \/>\n\n\t\t\t\t\t\t<\/div><\/div><div  id=\"um_field_22_last_name\" class=\"um-field um-field-text  um-field-last_name um-field-text um-field-type_text\" data-key=\"last_name\"><div class=\"um-field-label\"><label for=\"last_name-22\">Cognome<span class=\"um-req\" title=\"Required\">*<\/span><\/label><div class=\"um-clear\"><\/div><\/div><div class=\"um-field-area\"><input  autocomplete=\"off\" class=\"um-form-field valid \" type=\"text\" name=\"last_name-22\" id=\"last_name-22\" value=\"\" placeholder=\"\" data-validate=\"\" data-key=\"last_name\"  aria-invalid=\"false\" \/>\n\n\t\t\t\t\t\t<\/div><\/div><div  id=\"um_field_22_user_email\" class=\"um-field um-field-text  um-field-user_email um-field-text um-field-type_text\" data-key=\"user_email\"><div class=\"um-field-label\"><label for=\"user_email-22\">Indirizzo email<span class=\"um-req\" title=\"Required\">*<\/span><\/label><div class=\"um-clear\"><\/div><\/div><div class=\"um-field-area\"><input  autocomplete=\"off\" class=\"um-form-field valid \" type=\"text\" name=\"user_email-22\" id=\"user_email-22\" value=\"\" placeholder=\"\" data-validate=\"unique_email\" data-key=\"user_email\"  aria-invalid=\"false\" \/>\n\n\t\t\t\t\t\t<\/div><\/div><div  id=\"um_field_22_natoa\" class=\"um-field um-field-text  um-field-natoa um-field-text um-field-type_text\" data-key=\"natoa\"><div class=\"um-field-label\"><label for=\"natoa-22\">Nato a:<\/label><div class=\"um-clear\"><\/div><\/div><div class=\"um-field-area\"><input  autocomplete=\"off\" class=\"um-form-field valid not-required \" type=\"text\" name=\"natoa-22\" id=\"natoa-22\" value=\"\" placeholder=\"\" data-validate=\"\" data-key=\"natoa\"  aria-invalid=\"false\" \/>\n\n\t\t\t\t\t\t<\/div><\/div><div  id=\"um_field_22_birth_date\" class=\"um-field um-field-date  um-field-birth_date um-field-date um-field-type_date\" data-key=\"birth_date\"><div class=\"um-field-label\"><div class=\"um-field-label-icon\"><i class=\"far fa-calendar-days\" aria-label=\"Nato il:\"><\/i><\/div><label for=\"birth_date-22\">Nato il:<span class=\"um-req\" title=\"Required\">*<\/span><\/label><div class=\"um-clear\"><\/div><\/div><div class=\"um-field-area\"><input   class=\"um-form-field valid um-datepicker \" type=\"text\" name=\"birth_date-22\" id=\"birth_date-22\" value=\"\" placeholder=\"\" data-validate=\"\" data-key=\"birth_date\" data-range=\"years\" data-years=\"115\" data-years_x=\"past\" data-disabled_weekdays=\"\" data-date_min=\"1911,4,20\" data-date_max=\"2026,4,20\" data-format=\"d mmm yyyy\" data-value=\"\"  aria-invalid=\"false\" \/>\n\n\t\t\t\t\t\t<\/div><\/div><div  id=\"um_field_22_user_password\" class=\"um-field um-field-password  um-field-user_password um-field-password um-field-type_password\" data-key=\"user_password\"><div class=\"um-field-label\"><label for=\"user_password-22\">Password<span class=\"um-req\" title=\"Required\">*<\/span><\/label><div class=\"um-clear\"><\/div><\/div><div class=\"um-field-area\"><input class=\"um-form-field valid \" type=\"password\" name=\"user_password-22\" id=\"user_password-22\" value=\"\" placeholder=\"\" data-validate=\"\" data-key=\"user_password\"  aria-invalid=\"false\" \/>\n\n\t\t\t\t\t\t\t<\/div><\/div><div  id=\"um_field_22_confirm_user_password\" class=\"um-field um-field-password  um-field-user_password um-field-password um-field-type_password\" data-key=\"confirm_user_password\"><div class=\"um-field-label\"><label for=\"confirm_user_password-22\">Conferma password<span class=\"um-req\" title=\"Required\">*<\/span><\/label><div class=\"um-clear\"><\/div><\/div><div class=\"um-field-area\"><input class=\"um-form-field valid \" type=\"password\" name=\"confirm_user_password-22\" id=\"confirm_user_password-22\" value=\"\" placeholder=\"Conferma password\" data-validate=\"\" data-key=\"confirm_user_password\"  aria-invalid=\"false\" \/><\/div><\/div><div  id=\"um_field_22_mobile_number\" class=\"um-field um-field-tel  um-field-mobile_number um-field-tel um-field-type_tel\" data-key=\"mobile_number\"><div class=\"um-field-label\"><div class=\"um-field-label-icon\"><i class=\"fas fa-mobile-screen\" aria-label=\"Telefono:\"><\/i><\/div><label for=\"mobile_number-22\">Telefono:<span class=\"um-req\" title=\"Required\">*<\/span><\/label><div class=\"um-clear\"><\/div><\/div><div class=\"um-field-area\"><input  autocomplete=\"off\" class=\"um-form-field valid \" type=\"tel\" name=\"mobile_number-22\" id=\"mobile_number-22\" value=\"\" placeholder=\"\" data-validate=\"phone_number\" data-key=\"mobile_number\"  aria-invalid=\"false\" \/>\n\n\t\t\t\t\t\t<\/div><\/div><div  id=\"um_field_22_CF\" class=\"um-field um-field-text  um-field-CF um-field-text um-field-type_text\" data-key=\"CF\"><div class=\"um-field-label\"><label for=\"CF-22\">Codice fiscale:<\/label><div class=\"um-clear\"><\/div><\/div><div class=\"um-field-area\"><input  autocomplete=\"off\" class=\"um-form-field valid not-required \" type=\"text\" name=\"CF-22\" id=\"CF-22\" value=\"\" placeholder=\"\" data-validate=\"\" data-key=\"CF\"  aria-invalid=\"false\" \/>\n\n\t\t\t\t\t\t<\/div><\/div><div  class=\"um-field um-field-block  um-field-block um-field-type_block\" data-key=\"um_block_22_12\">Con riferimento alle immagini (foto e video) scattate e\/o riprese dal sottoscritto con Milano photolab APS-ETS, autorizzo a titolo gratuito, senza limiti di tempo, anche ai sensi degli artt. 10 e 320 cod.civ. e degli artt. 96 e 97 legge 22.4.1941, n. 633, Legge sul diritto d\u2019autore, alla pubblicazione e\/o diffusione in qualsiasi forma delle proprie immagini sul sito internet dell\u2019associazione Milano photolab APS-ETS, su carta stampata e\/o su qualsiasi altro mezzo di diffusione, nonch\u00e9 autorizzo la conservazione delle foto e dei video stessi negli archivi informatici della Societ\u00e0\/Ente e prendo atto che la finalit\u00e0 di tali pubblicazioni sono meramente di carattere informativo ed eventualmente promozionale. La presente liberatoria\/autorizzazione potr\u00e0 essere revocata in ogni tempo con comunicazione scritta da inviare via posta comune o e-mail. Informativa ai sensi dell\u2019art. 13 del D. Lgs. n. 196\/2003. Si informa che il trattamento dei dati personali conferiti con la presente liberatoria saranno trattati con modalit\u00e0 cartacee e telematiche nel rispetto della vigente normativa e dei principi di correttezza, liceit\u00e0, trasparenza e riservatezza; in tale ottica i dati forniti, ivi incluso il ritratto contenuto nelle fotografie suindicate, verranno utilizzati per le finalit\u00e0 strettamente connesse e strumentali alle attivit\u00e0 come indicate nella su estesa liberatoria. Il conferimento del consenso al trattamento dei dati personali \u00e8 facoltativo. In qualsiasi momento \u00e8 possibile esercitare tutti i diritti indicati dall\u2019articolo 7 del D. Lgs. n. 196\/2003, in particolare la cancellazione, la rettifica o l\u2019integrazione dei dati. Tali diritti potranno essere esercitati inviando comunicazione scritta.<\/div><div  id=\"um_field_22_Accetti\" class=\"um-field um-field-radio  um-field-Accetti um-field-radio um-field-type_radio\" data-key=\"Accetti\"  aria-invalid=\"false\" ><div class=\"um-field-label\"><label for=\"Accetti-22\">Accetti<\/label><div class=\"um-clear\"><\/div><\/div><div class=\"um-field-area\"><label class=\"um-field-radio active um-field-half  um-field-radio-state-disabled\"><input  type=\"radio\" name=\"Accetti[]\" value=\"S\u00ec\" checked \/><span class=\"um-field-radio-state\"><i class=\"um-icon-android-radio-button-on\"><\/i><\/span><span class=\"um-field-radio-option\">S\u00ec<\/span><\/label><label class=\"um-field-radio  um-field-half  right  um-field-radio-state-disabled\"><input  type=\"radio\" name=\"Accetti[]\" value=\"No\"  \/><span class=\"um-field-radio-state\"><i class=\"um-icon-android-radio-button-off\"><\/i><\/span><span class=\"um-field-radio-option\">No<\/span><\/label><div class=\"um-clear\"><\/div><div class=\"um-clear\"><\/div><\/div><\/div><\/div><\/div>\t<input type=\"hidden\" name=\"form_id\" id=\"form_id_22\" value=\"22\" \/>\n\t\t<p class=\"um_request_name\">\n\t\t<label for=\"um_request_22\">Only fill in if you are not human<\/label>\n\t\t<input type=\"hidden\" name=\"um_request\" id=\"um_request_22\" class=\"input\" value=\"\" size=\"25\" autocomplete=\"off\" \/>\n\t<\/p>\n\t<input type=\"hidden\" id=\"_wpnonce\" name=\"_wpnonce\" value=\"cb54134875\" \/><input type=\"hidden\" name=\"_wp_http_referer\" value=\"\/index.php\/wp-json\/wp\/v2\/pages\/27\" \/>\n\t<div class=\"um-col-alt\">\n\n\t\t\n\t\t\t<div class=\"um-left um-half\">\n\t\t\t\t<input type=\"submit\" value=\"Registrati\" class=\"um-button\" id=\"um-submit-btn\" \/>\n\t\t\t<\/div>\n\t\t\t<div class=\"um-right um-half\">\n\t\t\t\t<a href=\"https:\/\/abusinaro76.ddns.net\/index.php\/login\/\" class=\"um-button um-alt\">\n\t\t\t\t\tLogin\t\t\t\t<\/a>\n\t\t\t<\/div>\n\n\t\t\n\t\t<div class=\"um-clear\"><\/div>\n\n\t<\/div>\n\n\t\t\t<\/form>\n\t<\/div>\n<\/div>\n<style>\n\t\t\t.um-22.um {\n\t\t\tmax-width: 450px;\n\t\t}\n\t\t<\/style>\n\n","protected":false},"excerpt":{"rendered":"","protected":false},"author":1,"featured_media":0,"parent":0,"menu_order":0,"comment_status":"closed","ping_status":"closed","template":"","meta":{"footnotes":""},"class_list":["post-27","page","type-page","status-publish","hentry"],"_links":{"self":[{"href":"https:\/\/abusinaro76.ddns.net\/index.php\/wp-json\/wp\/v2\/pages\/27","targetHints":{"allow":["GET"]}}],"collection":[{"href":"https:\/\/abusinaro76.ddns.net\/index.php\/wp-json\/wp\/v2\/pages"}],"about":[{"href":"https:\/\/abusinaro76.ddns.net\/index.php\/wp-json\/wp\/v2\/types\/page"}],"author":[{"embeddable":true,"href":"https:\/\/abusinaro76.ddns.net\/index.php\/wp-json\/wp\/v2\/users\/1"}],"replies":[{"embeddable":true,"href":"https:\/\/abusinaro76.ddns.net\/index.php\/wp-json\/wp\/v2\/comments?post=27"}],"version-history":[{"count":0,"href":"https:\/\/abusinaro76.ddns.net\/index.php\/wp-json\/wp\/v2\/pages\/27\/revisions"}],"wp:attachment":[{"href":"https:\/\/abusinaro76.ddns.net\/index.php\/wp-json\/wp\/v2\/media?parent=27"}],"curies":[{"name":"wp","href":"https:\/\/api.w.org\/{rel}","templated":true}]}}